{"id":28647,"date":"2024-05-22T12:34:40","date_gmt":"2024-05-22T12:34:40","guid":{"rendered":"https:\/\/minswimwear.com\/my-account\/"},"modified":"2024-06-25T22:26:40","modified_gmt":"2024-06-25T22:26:40","slug":"my-account","status":"publish","type":"page","link":"https:\/\/minswimwear.com\/en\/my-account\/","title":{"rendered":"My Account"},"content":{"rendered":"<h1 class=\"wp-block-heading\">Zaten \u00dcye misiniz? Giri\u015f Yap\u0131n.<\/h1><div class=\"woocommerce\"><\/div>","protected":false},"excerpt":{"rendered":"<p>Zaten \u00dcye misiniz? Giri\u015f Yap\u0131n.<\/p>\n","protected":false},"author":1,"featured_media":0,"parent":0,"menu_order":0,"comment_status":"closed","ping_status":"closed","template":"","meta":{"footnotes":""},"class_list":["post-28647","page","type-page","status-publish","hentry"],"_links":{"self":[{"href":"https:\/\/minswimwear.com\/en\/wp-json\/wp\/v2\/pages\/28647","targetHints":{"allow":["GET"]}}],"collection":[{"href":"https:\/\/minswimwear.com\/en\/wp-json\/wp\/v2\/pages"}],"about":[{"href":"https:\/\/minswimwear.com\/en\/wp-json\/wp\/v2\/types\/page"}],"author":[{"embeddable":true,"href":"https:\/\/minswimwear.com\/en\/wp-json\/wp\/v2\/users\/1"}],"replies":[{"embeddable":true,"href":"https:\/\/minswimwear.com\/en\/wp-json\/wp\/v2\/comments?post=28647"}],"version-history":[{"count":0,"href":"https:\/\/minswimwear.com\/en\/wp-json\/wp\/v2\/pages\/28647\/revisions"}],"wp:attachment":[{"href":"https:\/\/minswimwear.com\/en\/wp-json\/wp\/v2\/media?parent=28647"}],"curies":[{"name":"wp","href":"https:\/\/api.w.org\/{rel}","templated":true}]}}