{"id":29176,"date":"2024-07-06T14:01:57","date_gmt":"2024-07-06T14:01:57","guid":{"rendered":"https:\/\/minswimwear.com\/kullanim-kosullari\/"},"modified":"2024-07-06T14:05:40","modified_gmt":"2024-07-06T14:05:40","slug":"terms-of-use","status":"publish","type":"page","link":"https:\/\/minswimwear.com\/en\/terms-of-use\/","title":{"rendered":"Terms of Use"},"content":{"rendered":"\t\t<div data-elementor-type=\"wp-page\" data-elementor-id=\"29176\" class=\"elementor elementor-29176 elementor-29171\" data-elementor-post-type=\"page\">\n\t\t\t\t<div class=\"elementor-element elementor-element-69545bd e-flex e-con-boxed e-con e-parent\" data-id=\"69545bd\" data-element_type=\"container\">\n\t\t\t\t\t<div class=\"e-con-inner\">\n\t\t\t\t<div class=\"elementor-element elementor-element-5c73ad4 elementor-widget elementor-widget-wd_text_block\" data-id=\"5c73ad4\" data-element_type=\"widget\" data-widget_type=\"wd_text_block.default\">\n\t\t\t\t<div class=\"elementor-widget-container\">\n\t\t\t\t\t\t\t<div class=\"wd-text-block reset-last-child text-left\">\n\t\t\t\n\t\t\t<p>Terms of Use<\/p><p>\u00a0<\/p><p>\u00a0<\/p><p>Your use of the site and\/or mobile application will mean that you accept the following items. MIN G\u0130Y\u0130M VE TEKST\u0130L VE T\u0130CARET ANON\u0130M \u015e\u0130RKET\u0130 (MIN SWIMWEAR or the Company) reserves the right to change and update the following articles without prior notice.<\/p><p>\u00a0<\/p><p>Transactions Made on the Site and\/or Mobile Application, Orders and Changes That May Be Made on the Site and\/or Mobile Application<\/p><p>\u00a0<\/p><p>MIN SWIMWEAR has the right to cancel and limit the quantities of orders received through the site and\/or mobile application without giving any reason. This limitation may apply to orders that are thought to be placed by a wholesaler, dealer or for resale purposes, from the same customer account, using the same credit card, containing the same billing or delivery addresses.<\/p><p>MIN SWIMWEAR has the right to make changes to the site and\/or mobile application at any time and without prior notice, to stop publishing the site and\/or mobile application, or to change the features of the site and\/or mobile application.<\/p><p>\u00a0<\/p><p>Site and\/or Mobile Application Content<\/p><p>\u00a0<\/p><p>Any materials such as pictures, text, visual elements, videos on the site and\/or mobile application belong to MIN G\u0130Y\u0130M VE TEKST\u0130L VE T\u0130CARET ANON\u0130M A\u015e. MIN SWIMWEAR brands are trademarks registered on behalf of MIN G\u0130Y\u0130M VE TEKST\u0130L VE T\u0130CARET ANON\u0130M \u015e\u0130RKET\u0130.<\/p><p>\u00a0<\/p><p>Site and\/or mobile application content is for purely personal and non-commercial use. As a result of using the content or transferring it to the user's computer for personal purposes, any distribution, usage and publication rights regarding the content do not pass to the user.<\/p><p>\u00a0<\/p><p>Personal Information Provided on the Site and\/or Mobile Application<\/p><p>\u00a0<\/p><p>The personal information you provide on the site and\/or mobile application is subject to the rules explained in the \"Privacy and Security\" section.<\/p><p>\u00a0<\/p><p>Product Information<\/p><p>\u00a0<\/p><p>Most of the products on the site and\/or mobile application belong to a certain MIN SWIMWEAR brand in Turkey and abroad, MIN G\u0130Y\u0130M VE TEKST\u0130L VE T\u0130CARET ANON\u0130M A\u015e. It can be found in affiliated or contracted stores. Some products are not available in stores and may only be sold on the site and\/or mobile application.<\/p><p>MIN G\u0130Y\u0130M VE TEKST\u0130L VE T\u0130CARET ANON\u0130M \u015e\u0130RKET\u0130 is not responsible for any differences that may occur between the prices on the site and\/or mobile application and the prices in its stores. For orders placed through the site and\/or mobile application, the currency and prices given on the order summary page during the order on the site and\/or mobile application are valid.<\/p><p>There may be typographical errors or omissions in the information provided about the product on the site and\/or mobile application. MIN G\u0130Y\u0130M VE TEKST\u0130L VE T\u0130CARET ANON\u0130M \u015e\u0130RKET\u0130 reserves the right to correct these errors and, as a result, to cancel or make changes to some orders, provided that it complies with the relevant legal regulations.<\/p><p>\u00a0<\/p><p>Colors<\/p><p>MIN SWIMWEAR aims to show the colors of the products in the images on the site and\/or mobile application in the most appropriate way to their real colors. However, we cannot accept responsibility for differences that may occur due to the user's screen settings and different screen types.<\/p><p>\u00a0<\/p><p>Links to Other Sites and\/or Mobile Applications<\/p><p>\u00a0<\/p><p>The site and\/or mobile application may contain links to sites and\/or mobile applications that are not under the control of MIN G\u0130Y\u0130M VE TEKST\u0130L VE T\u0130CARET ANON\u0130M \u015e\u0130RKET\u0130. MIN SWIMWEAR does not accept any responsibility for these sites and\/or mobile applications, nor does providing these links mean that MIN SWIMWEAR has any approval or comment on these sites and\/or mobile applications. Links are provided solely for user convenience or information sharing purposes.<\/p><p>\u00a0<\/p><p>Intellectual property rights<\/p><p>\u00a0<\/p><p>The information, images and content available on the site and\/or mobile application cannot be copied, distributed, reproduced, made available, modified or stored for future use, in whole or in part, without the prior written permission of MIN G\u0130Y\u0130M VE TEKST\u0130L VE T\u0130CARET ANON\u0130M \u015e\u0130RKET\u0130. All Website and\/or Mobile Application content (text, data, graphics, images, logos, button icons, database, design, software and other elements related to the Website and\/or Mobile Application content) MIN G\u0130Y\u0130M VE TEKST\u0130L VE T\u0130CARET ANON\u0130M \u015e\u0130RKET\u0130 It is the intellectual and industrial property of. All rights of all texts, graphics, images and pictures on the Website and\/or Mobile Application are reserved.<\/p><p>\u00a0<\/p><p>Any unauthorized disclosure and use, including but not limited to the unauthorized use of all financial rights regarding the content, design and software of the Website and\/or Mobile Application (processing, reproduction, dissemination, representation and public presentation), will constitute a violation of intellectual and industrial property rights.<\/p><p>\u00a0<\/p><p>Removal from Membership<\/p><p>\u00a0<\/p><p>MIN G\u0130Y\u0130M VE TEKST\u0130L VE T\u0130CARET ANON\u0130M \u015e\u0130RKET\u0130 may prevent the Users from using the Website and\/or Mobile Application in any way without any notice, in case of detection of violation of the Terms of Use announced on this page or if a complaint is received regarding these violations. or may unsubscribe. In this case, MIN G\u0130Y\u0130M VE TEKST\u0130L VE T\u0130CARET ANON\u0130M \u015e\u0130RKET\u0130 shall be responsible for all claims, demands and\/or payments that may be made against MIN G\u0130Y\u0130M VE TEKST\u0130L VE T\u0130CARET ANON\u0130M \u015e\u0130RKET\u0130 by third parties and\/or competent authorities. The right of recourse together with its accessories is reserved.<\/p><p>\u00a0<\/p><p>MIN G\u0130Y\u0130M VE TEKST\u0130L VE T\u0130CARET ANON\u0130M \u015e\u0130RKET\u0130 is free to decide whether or not to delete any information regarding the User account terminated by it. The user cannot claim any rights and\/or compensation regarding deleted or retained records. The User accepts and declares that he\/she will not claim any damages and\/or compensation under any name whatsoever regarding termination and waives these rights in advance.<\/p>\n\t\t\t\t\t<\/div>\n\t\t\t\t\t\t<\/div>\n\t\t\t\t<\/div>\n\t\t\t\t\t<\/div>\n\t\t\t\t<\/div>\n\t\t\t\t<\/div>\n\t\t","protected":false},"excerpt":{"rendered":"<p>Terms of Use \u00a0 \u00a0 Your use of the site and\/or mobile application will mean that you accept the following<\/p>\n","protected":false},"author":1,"featured_media":0,"parent":0,"menu_order":0,"comment_status":"closed","ping_status":"closed","template":"","meta":{"footnotes":""},"class_list":["post-29176","page","type-page","status-publish","hentry"],"_links":{"self":[{"href":"https:\/\/minswimwear.com\/en\/wp-json\/wp\/v2\/pages\/29176","targetHints":{"allow":["GET"]}}],"collection":[{"href":"https:\/\/minswimwear.com\/en\/wp-json\/wp\/v2\/pages"}],"about":[{"href":"https:\/\/minswimwear.com\/en\/wp-json\/wp\/v2\/types\/page"}],"author":[{"embeddable":true,"href":"https:\/\/minswimwear.com\/en\/wp-json\/wp\/v2\/users\/1"}],"replies":[{"embeddable":true,"href":"https:\/\/minswimwear.com\/en\/wp-json\/wp\/v2\/comments?post=29176"}],"version-history":[{"count":4,"href":"https:\/\/minswimwear.com\/en\/wp-json\/wp\/v2\/pages\/29176\/revisions"}],"predecessor-version":[{"id":29180,"href":"https:\/\/minswimwear.com\/en\/wp-json\/wp\/v2\/pages\/29176\/revisions\/29180"}],"wp:attachment":[{"href":"https:\/\/minswimwear.com\/en\/wp-json\/wp\/v2\/media?parent=29176"}],"curies":[{"name":"wp","href":"https:\/\/api.w.org\/{rel}","templated":true}]}}